{"id":63,"date":"2025-04-27T00:06:30","date_gmt":"2025-04-26T22:06:30","guid":{"rendered":"https:\/\/sparrow.pet\/ch\/?post_type=product&#038;p=63"},"modified":"2025-05-17T00:03:05","modified_gmt":"2025-05-16T22:03:05","slug":"vollspektrum-hanfoel","status":"publish","type":"product","link":"https:\/\/sparrow.pet\/ch\/shop\/hunde\/vollspektrum-hanfoel\/","title":{"rendered":"Vollspektrum Hanf\u00f6l"},"content":{"rendered":"<h2>Einzigartiges, kaltgepresstes Hanf\u00f6l mit nat\u00fcrlichem CBD-Gehalt f\u00fcr Hunde, Katzen aus Nutzhanf &amp; Hanfsaat<\/h2>\n<p>Als erstes Unternehmen in der Branche hat SPARROW zusammen mit deutschen Ingenieuren eine Presse entwickelt, die es erm\u00f6glicht kaltgepresstes Hanf\u00f6l mit nat\u00fcrlichem CBD-Gehalt herzustellen. Reine, mechanische Kaltpressung. Ohne CO2 Extraktion und komplett ohne Alkohol. Ohne L\u00f6sungsmittel. Dies ist der grosse Vorteil der Pressung, da die komplett ohne irgendwelche Hilfs-L\u00f6sungsmittel auskommt. 100% Hanf, 100% nat\u00fcrlich.<\/p>\n<h2>Der Unterschied zu herk\u00f6mmlichem Hanf\u00f6l<\/h2>\n<p>Das Vollspektrum Hanf\u00f6l mit nat\u00fcrlichem CBD-Gehalt unterscheidet sich zu den im Markt erh\u00e4ltlichen Hanf\u00f6len. Die herk\u00f6mmlichen Hanf\u00f6le bestehen aus dem Hanfsamen und nicht aus der ganzen Hanfpflanze. <strong><span style=\"color: #ff0000;\">Somit sind die herk\u00f6mmlichen Hanf\u00f6le eigentlich falsch deklariert und irref\u00fchrend<\/span><\/strong>. Diese m\u00fcssten als Hanfsamen\u00f6l deklariert sein, damit sie dem Futtermittelkatalog entsprechen.<\/p>\n<p>Das Vollspektrum Hanf\u00f6l mit nat\u00fcrlichem CBD-Gehalt von SPARROW wird wie im Futtermittelkatalog beschrieben aus der gesamten Hanfpflanze und Hanfsaat kalt gepresst und <span style=\"color: #ff0000;\"><strong>ist ein richtiges Hanf\u00f6l.<\/strong><\/span><\/p>\n<h3>Die inneren Werte machen den Unterschied!<\/h3>\n<p>Durch die Kaltpressung der gesamten Hanfpflanze und Hanfsaat ben\u00f6tigt das Vollspektrum Hanf\u00f6l mit nat\u00fcrlichem CBD-Gehalt kein Tr\u00e4ger\u00f6l. Es besteht zu 100% aus dem wertvollen Hanf und beinhaltet neben dem nat\u00fcrlich vorkommendem CBD auch ein grosses Spektrum an anderen Cannabinoiden, Flavonoiden &amp; Terpene. Zudem enth\u00e4lt es auch die sehr wertvollen und <strong>f\u00fcr Tiere lebenswichtigen Omega-3 und Omega-6 Fetts\u00e4uren<\/strong>. Dazu geh\u00f6rt auch die selten vorkommende Gamma-Linolens\u00e4ure zur St\u00e4rkung der Abwehrkr\u00e4fte und des Immunsystems.<\/p>\n<p>Da das Vollspektrum Hanf\u00f6l mit nat\u00fcrlichem CBD-Gehalt von SPARROW zu 100% aus Hanf besteht, kann es auch die ganze Naturkraft des Hanfes zur Wirkung bringen. Das bedeutet, dass es alle Cannabinoide, die nat\u00fcrlicherweise in Hanf mit vollem Spektrum vorkommen beinhaltet. Die Wirkungen dieser einzigartigen Bestandteile im Hanf nennt man den &#171;Entourage-Effekt&#187;. Wissenschaftliche Studien haben immer wieder gezeigt, dass dieser Entourage-Effekt f\u00fcr die vielen positiven Wirkungen verantwortlich ist.<\/p>\n<h3>Welche Vorteile bietet das Hanf\u00f6l f\u00fcr mein Tier?<\/h3>\n<p>Das Vollspektrum Hanf\u00f6l aus 100% Hanf ist reich an verschiedenen Omega Fetts\u00e4uren, Terpenen und weiteren wertvollen N\u00e4hrstoffen. Viele Tierbesitzer verwenden es als nat\u00fcrliche Unterst\u00fctzung bei Alltags-Stress-Situationen f\u00fcr Hunde, Katzen sowie Kleintiere. Dieses gesunde \u00d6l hat zudem ein gro\u00dfes Anwendungsgebiet. Das Vollspektrum Hanf\u00f6l mit nat\u00fcrlichem CBD-Gehalt kann:<\/p>\n<ul>\n<li>in Alltags-Stress-Situationen helfen<\/li>\n<li>beruhigen &amp; die Nerven st\u00e4rken<\/li>\n<li>innere Entspannung bringen<\/li>\n<li>den Bewegungsapparat unterst\u00fctzen<\/li>\n<li>zu gesunder Haut und gl\u00e4nzendem Fell beitragen<\/li>\n<li>den Appetit anregen<\/li>\n<li>die Regeneration der Muskeln unterst\u00fctzen<\/li>\n<\/ul>\n<p>Au\u00dferdem kann das Hanf\u00f6l das allgemeine Wohlbefinden des Tieres f\u00f6rdern.<\/p>\n<h3>Vollspektrum Hanf\u00f6l f\u00fcr Hunde &amp; Katzen &#8211; die richtige F\u00fctterung<\/h3>\n<p>Es ist sehr wichtig, dass Sie mit einer kleinen Menge beginnen. Wir empfehlen folgende t\u00e4gliche Richt-F\u00fctterung:<\/p>\n<p>In der 1. Woche 1 Tropfen pro Tag. Ab der 2. Woche:<\/p>\n<p>3-6 Tropfen pro Tag und pro 5kg K\u00f6rpergewicht. Kurzfristig kann die Menge verdoppelt werden.<\/p>\n<p>Es ist wichtig, dass Sie mit 1 Tropfen pro Tag beginnen, egal wie schwer Ihr Hund oder Ihre Katze ist. Der Grund daf\u00fcr ist die Vertr\u00e4glichkeit und das Angew\u00f6hnen, wie bei einer Futterumstellung. Es gibt Hunde &amp; Katzen, die auf das \u00d6l mit Durchfall oder Erbrechen reagieren, vor allem wenn sie etwas empfindlich im Magen-Darm-Trakt sind. Wenn Ihr Hund einen empfindlichen Magen hat, dann empfehlen wir, das \u00d6l mit dem <a href=\"\/produkte\/cannagastro\/\">CannaGastro<\/a> zu kombinieren. Zu Durchfall oder Erbrechen kann es aber auch kommen, wenn von Anfang an zu viel \u00d6l gegeben wird.<\/p>\n<h4>Die richtige Verabreichung<\/h4>\n<p>Die beste Verabreichung ist, wenn Sie das Hanf\u00f6l Ihrem Hund oder Ihrer Katze direkt ins Maul geben. Das \u00d6l kann am schnellsten die positiven Wirkungen entfalten, wenn es \u00fcber die Schleimhaut aufgenommen wird.<\/p>\n<p>Wenn Sie das \u00d6l \u00fcber ein Leckerli oder das Futter geben, dann funktioniert dies auch.<\/p>\n<h3>Unsere Erfahrungen mit Hanf \u00d6l bei Hunden<\/h3>\n<p>Die oben angegebenen Dosierungen sind Richtwerte. Wir haben schon viele Erfahrungen an unseren eigenen Hunden gemacht und viele Erfahrungsberichte von Kunden erhalten. Es kann also sehr gut sein, dass Ihr Hund schon auf eine kleine F\u00fctterungsmenge die gew\u00fcnschten positiven Ver\u00e4nderungen zeigt. Es kann aber auch sehr gut sein, dass Ihr Hund eine H\u00f6here F\u00fctterungsmenge als die oben empfohlene ben\u00f6tigt.<\/p>\n<h3>Unsere Erfahrungen mit Hanf \u00d6l bei Katzen<\/h3>\n<p>Wenn es um das Fressen geht, sind Katzen sehr w\u00e4hlerisch. Dies gilt auch bei der Einnahme vom Hanf \u00d6l. Da das \u00d6l etwas einen bitteren Geschmack hat, verweigern es viele Katzen. Wenn es Katzen akzeptieren, dann gibt es wie bei den Hunden super positive Wirkungen.<\/p>\n<p>Es gibt auch die M\u00f6glichkeit, das \u00d6l auf die Pfoten zu Tropfen. Da Katzen sehr saubere Tiere sind, werden sie dann die Pfoten reinigen und so die Tropfen zu sich nehmen. Wir empfehlen aber, dass Sie Ihrer Katze anstelle des \u00d6les die <a href=\"\/produkte\/cannacat-relax-sticks-chicken\/\">SPARROW CannaCat Chicken Sticks<\/a>\u00a0geben.<\/p>\n<h3>Rescue Tropfen f\u00fcr Hunde, Katzen bei Alltags-Stress und Angst<\/h3>\n<p>Die wohl bedeutendste positive Wirkung des \u00d6ls ist die Beruhigung in Alltags-Stress-Situationen und bei Angst. Da das Hanf\u00f6l, wenn Oral verabreicht, bereits nach 20-30 Minuten seine positiven Wirkungen zeigen kann, eignet es sich auch hervorragend in besonderen Situationen.<\/p>\n<p>Das Vollspektrum Hanf\u00f6l mit nat\u00fcrlichem CBD-Gehalt kann Tiere schnell beruhigen, ohne sie zur Ruhe zu stellen. Das \u00d6l beruhigt das Nervensystem und gibt dem Tier den inneren Frieden zur\u00fcck. Die Tiere werden aber trotzdem aktiv bleiben und sich nicht schl\u00e4frig f\u00fchlen.<\/p>\n<h3>Die Vorteile des SPARROW Hanf \u00d6les mit nat\u00fcrlichem CBD-Gehalt f\u00fcr Hunde, Katzen im \u00dcberblick:<\/h3>\n<ul>\n<li>reines, 100% Hanf\u00f6l kaltgepresst aus der Hanfpflanze &amp; Hanfsaat<\/li>\n<li>bew\u00e4hrt bei Hunden, Katzen<\/li>\n<li>gerne empfohlen von Tierfachpersonen (wie Tier\u00e4rzte, Tierheilpraktiker, Tierhom\u00f6opathen &amp; Fachhandel)<\/li>\n<li>enth\u00e4lt volles, nat\u00fcrlich vorkommendes Spektrum an Cannabinoiden<\/li>\n<li>beinhaltet nat\u00fcrlich Terpene, Flavonoide, N\u00e4hrstoffe vom Hanf &amp; Hanfsaat<\/li>\n<li>OHNE Alkohol<\/li>\n<li>100% rein nat\u00fcrlich<\/li>\n<li>100% Nutzhanf (inkl. Hanfsaat)<\/li>\n<li>100% Vegan<\/li>\n<li>gluten- und laktosefrei<\/li>\n<li><strong>enth\u00e4lt nat\u00fcrlich Omega-3, Omega-6 und Omega-9 Fetts\u00e4uren<\/strong><\/li>\n<li>enth\u00e4lt die selten vorkommende Gamma-Linolens\u00e4ure<\/li>\n<li>frei von Zusatzstoffen, k\u00fcnstlichen Farbstoffen &amp; genmanipulierten Stoffen<\/li>\n<li>frei von Schwermetallen, Toxinen, Pestiziden und Herbiziden<\/li>\n<li><strong>OHNE Zucker \/ Zuckerzusatz<\/strong><\/li>\n<\/ul>\n","protected":false},"excerpt":{"rendered":"<p>Das Vollspektrum Hanf\u00f6l mit nat\u00fcrlichem CBD-Gehalt wird aus Industriehanf &amp; Hanfsaat kaltgepresst. Es eignet sich hervorragend:<\/p>\n<ul>\n<li>f\u00fcr Hunde, Katzen und Kleintiere<\/li>\n<li>in Alltags-Stress-Situationen<\/li>\n<li>f\u00fcr mehr Gelassenheit<\/li>\n<li>f\u00fcr die innere Ruhe<\/li>\n<li>f\u00fcr die Vitalit\u00e4t<\/li>\n<\/ul>\n","protected":false},"featured_media":572,"comment_status":"closed","ping_status":"closed","template":"","meta":{"_seopress_robots_primary_cat":"none","_seopress_titles_title":"Naturreines Vollspektrum CBD Hanf\u00f6l f\u00fcr Hunde &amp; Haustiere","_seopress_titles_desc":"CBD Hanf\u00f6l - das nat\u00fcrlich schnelle &amp; effektive Beruhigungsmittel f\u00fcr Hunde und andere Haustiere. Kaltgepresst, naturrein, ungefiltert, einzigartig...","_seopress_robots_index":""},"product_brand":[139],"product_cat":[17,18,19],"product_tag":[23,24,25,26,27,20,21,22],"class_list":{"0":"post-63","1":"product","2":"type-product","3":"status-publish","4":"has-post-thumbnail","6":"product_brand-sparrow","7":"product_cat-hunde","8":"product_cat-katzen","9":"product_cat-kleintiere","10":"product_tag-cbd-oel","11":"product_tag-hanf","12":"product_tag-hanfoel-mit-cbd","13":"product_tag-oele-fette","14":"product_tag-sparrow","15":"product_tag-cbd","16":"product_tag-cbd-fuer-hunde","17":"product_tag-cbd-fuer-katzen","19":"first","20":"instock","21":"taxable","22":"shipping-taxable","23":"product-type-grouped"},"_links":{"self":[{"href":"https:\/\/sparrow.pet\/ch\/wp-json\/wp\/v2\/product\/63","targetHints":{"allow":["GET"]}}],"collection":[{"href":"https:\/\/sparrow.pet\/ch\/wp-json\/wp\/v2\/product"}],"about":[{"href":"https:\/\/sparrow.pet\/ch\/wp-json\/wp\/v2\/types\/product"}],"replies":[{"embeddable":true,"href":"https:\/\/sparrow.pet\/ch\/wp-json\/wp\/v2\/comments?post=63"}],"version-history":[{"count":2,"href":"https:\/\/sparrow.pet\/ch\/wp-json\/wp\/v2\/product\/63\/revisions"}],"predecessor-version":[{"id":574,"href":"https:\/\/sparrow.pet\/ch\/wp-json\/wp\/v2\/product\/63\/revisions\/574"}],"wp:featuredmedia":[{"embeddable":true,"href":"https:\/\/sparrow.pet\/ch\/wp-json\/wp\/v2\/media\/572"}],"wp:attachment":[{"href":"https:\/\/sparrow.pet\/ch\/wp-json\/wp\/v2\/media?parent=63"}],"wp:term":[{"taxonomy":"product_brand","embeddable":true,"href":"https:\/\/sparrow.pet\/ch\/wp-json\/wp\/v2\/product_brand?post=63"},{"taxonomy":"product_cat","embeddable":true,"href":"https:\/\/sparrow.pet\/ch\/wp-json\/wp\/v2\/product_cat?post=63"},{"taxonomy":"product_tag","embeddable":true,"href":"https:\/\/sparrow.pet\/ch\/wp-json\/wp\/v2\/product_tag?post=63"}],"curies":[{"name":"wp","href":"https:\/\/api.w.org\/{rel}","templated":true}]}}