{"id":76,"date":"2025-04-27T00:06:31","date_gmt":"2025-04-26T22:06:31","guid":{"rendered":"https:\/\/sparrow.pet\/ch\/?post_type=product&#038;p=76"},"modified":"2025-05-16T18:52:23","modified_gmt":"2025-05-16T16:52:23","slug":"hanfbalsam","status":"publish","type":"product","link":"https:\/\/sparrow.pet\/ch\/shop\/hunde\/hanfbalsam\/","title":{"rendered":"Hanfbalsam"},"content":{"rendered":"<p>Der SPARROW Hanfbalsam mit CBD eignet sich hervorragend bei jeglicher Art von Hautirritationen wie auch f\u00fcr trockene Pfoten und Nase.<\/p>\n<p>Das nat\u00fcrlich vorkommende CBD im Balsam wirkt beruhigend auf die Haut und nimmt den Juckreiz innerhalb ein paar wenigen Minuten. Vor allem nach Zecken- oder Insektenbissen ist es wichtig, den Juckreiz schnell lindern zu k\u00f6nnen, damit die Tiere nicht dauernd daran kratzen. Somit geht die Wundheilung auch viel schneller voran.<\/p>\n<p>All die nat\u00fcrlichen Bestandteile inklusive das CBD, welche zum Teil auch fetthaltig sind helfen Schwellungen zu lindern und versorgen zudem die Haut mit Feuchtigkeit um sie vor dem Austrocknen zu sch\u00fctzen.<\/p>\n<p>Der Hanfbalsam mit CBD pflegt und entspannt nicht nur die Haut, sondern verk\u00fcrzt durch die beinhaltenden Cannabinoide die Wundheilung bei Hautsch\u00e4den deutlich und optimiert die Regeneration der Haut. Zudem kann der Balsam auch die Abwehrkr\u00e4fte der Haut st\u00e4rken.<\/p>\n<p>Der Hanfbalsam mit CBD von SPARROW wurde sowohl hinsichtlich seines Cannabinoid-Verh\u00e4ltnisses als auch seiner mikrobiologischen Eignung getestet und analysiert. Er enth\u00e4lt keine Parabene oder k\u00fcnstliche Farbstoffe, Duftstoffe und ist frei von Toxinen und Schwermetallen.<\/p>\n<p><b>Anwendung:\u00a0<\/b>Die betroffene Stelle zuerst reinigen und trocknen. Danach den Balsam sanft einreiben. Nur zur \u00e4u\u00dferlichen Anwendung geeignet. Leidet das Tier an einer Haut\u00fcberempfindlichkeit, dann sprechen Sie dies vor der Anwendung mit dem Tierarzt ab.<\/p>\n","protected":false},"excerpt":{"rendered":"<p>Der Hanfbalsam enth\u00e4lt nat\u00fcrlich vorkommendes CBD und nur nat\u00fcrliche Inhaltsstoffe. Ohne Chemie. Er eignet sich f\u00fcr alle Tiere zur \u00e4u\u00dferen Anwendung bei Hautirritationen wie bei:<\/p>\n<ul>\n<li>Ekzem &amp;\u00a0Hot Spots<\/li>\n<li>Schwellungen \/ Liegeschwellungen \/\u00a0Verstauchungen<\/li>\n<li>Insektenstichen &amp;\u00a0Zeckenbissen<\/li>\n<li>trockener Nase &amp;\u00a0trockenen, rissigen Pfoten<\/li>\n<\/ul>\n","protected":false},"featured_media":89,"comment_status":"closed","ping_status":"closed","template":"","meta":{"_seopress_robots_primary_cat":"none","_seopress_titles_title":"SPARROW Hanfbalsam mit CBD - Nat\u00fcrlich gut f\u00fcr die Haut","_seopress_titles_desc":"Der Hanfbalsam enth\u00e4lt nat\u00fcrlich vorkommendes CBD und eignet sich hervorragend zur Behandlung von Hautirritationen. Beseitig den Juckreiz innert Minuten weil..","_seopress_robots_index":""},"product_brand":[139],"product_cat":[17,18,19,37],"product_tag":[39,145,40,146,147,20,21,24,26,27,138,38],"class_list":{"0":"post-76","1":"product","2":"type-product","3":"status-publish","4":"has-post-thumbnail","6":"product_brand-sparrow","7":"product_cat-hunde","8":"product_cat-katzen","9":"product_cat-kleintiere","10":"product_cat-pferde","11":"product_tag-nasenpflege","12":"product_tag-adult","13":"product_tag-pfotenpflege","14":"product_tag-senior","15":"product_tag-welpen","16":"product_tag-cbd","17":"product_tag-cbd-fuer-hunde","18":"product_tag-hanf","19":"product_tag-oele-fette","20":"product_tag-sparrow","21":"product_tag-kitten","22":"product_tag-hautpflege","24":"first","25":"instock","26":"taxable","27":"shipping-taxable","28":"purchasable","29":"product-type-simple"},"_links":{"self":[{"href":"https:\/\/sparrow.pet\/ch\/wp-json\/wp\/v2\/product\/76","targetHints":{"allow":["GET"]}}],"collection":[{"href":"https:\/\/sparrow.pet\/ch\/wp-json\/wp\/v2\/product"}],"about":[{"href":"https:\/\/sparrow.pet\/ch\/wp-json\/wp\/v2\/types\/product"}],"replies":[{"embeddable":true,"href":"https:\/\/sparrow.pet\/ch\/wp-json\/wp\/v2\/comments?post=76"}],"version-history":[{"count":1,"href":"https:\/\/sparrow.pet\/ch\/wp-json\/wp\/v2\/product\/76\/revisions"}],"predecessor-version":[{"id":247,"href":"https:\/\/sparrow.pet\/ch\/wp-json\/wp\/v2\/product\/76\/revisions\/247"}],"wp:featuredmedia":[{"embeddable":true,"href":"https:\/\/sparrow.pet\/ch\/wp-json\/wp\/v2\/media\/89"}],"wp:attachment":[{"href":"https:\/\/sparrow.pet\/ch\/wp-json\/wp\/v2\/media?parent=76"}],"wp:term":[{"taxonomy":"product_brand","embeddable":true,"href":"https:\/\/sparrow.pet\/ch\/wp-json\/wp\/v2\/product_brand?post=76"},{"taxonomy":"product_cat","embeddable":true,"href":"https:\/\/sparrow.pet\/ch\/wp-json\/wp\/v2\/product_cat?post=76"},{"taxonomy":"product_tag","embeddable":true,"href":"https:\/\/sparrow.pet\/ch\/wp-json\/wp\/v2\/product_tag?post=76"}],"curies":[{"name":"wp","href":"https:\/\/api.w.org\/{rel}","templated":true}]}}